{"id":619,"date":"2017-08-21T10:33:44","date_gmt":"2017-08-21T08:33:44","guid":{"rendered":"https:\/\/www.bettoni.me\/?page_id=619"},"modified":"2019-12-02T11:54:53","modified_gmt":"2019-12-02T10:54:53","slug":"cookie-e-privacy","status":"publish","type":"page","link":"https:\/\/www.bettoni.me\/bs\/cookie-e-privacy\/","title":{"rendered":"Cookie e privacy"},"content":{"rendered":"<p><\/p>\n<h3 class=\"title\">Informativa sull'uso dei cookie<\/h3>\n<p>Il sito web di\u00a0Bettoni 4.0 S.r.l. utilizza cookie e tecnologie simili per garantire il corretto funzionamento delle procedure e migliorare l'esperienza di uso delle applicazioni online. Il presente documento fornisce informazioni dettagliate sull'uso dei cookie e di tecnologie similari, su come sono utilizzati da\u00a0Bettoni 4.0 S.r.l. e su come gestirli.<\/p>\n<h3>Definizioni<\/h3>\n<p>I cookie sono brevi frammenti di testo (lettere e\/o numeri) che permettono al server web di memorizzare sul client (il\u00a0<em>browser<\/em>) informazioni da riutilizzare nel corso della medesima visita al sito (cookie di sessione) o in seguito, anche a distanza di giorni (cookie persistenti). I cookie vengono memorizzati, in base alle preferenze dell'utente, dal singolo\u00a0<em>browser<\/em>\u00a0sullo specifico dispositivo utilizzato (computer, tablet, smartphone).<\/p>\n<p>Tecnologie similari, come, ad esempio, web beacon, GIF trasparenti e tutte le forme di\u00a0<em>storage\u00a0<\/em>locale introdotte con HTML5, sono utilizzabili per raccogliere informazioni sul comportamento dell'utente e sull'utilizzo dei servizi.<\/p>\n<p>Nel seguito di questo documento faremo riferimento ai cookie e a tutte le tecnologie similari utilizzando semplicemente il termine \u201ccookie\u201d.<\/p>\n<h3>Tipologie di cookie<\/h3>\n<p>In base alle caratteristiche e all'utilizzo dei cookie possiamo distinguere diverse categorie:<\/p>\n<ul>\n<li><strong>Cookie strettamente necessari<\/strong>. Si tratta di cookie indispensabili per il corretto funzionamento dei sito e sono utilizzati per gestire il login e l'accesso alle funzioni riservate del sito. La durata dei cookie \u00e8 strettamente limitata alla sessione di lavoro (chiuso il\u00a0<em>browser<\/em>\u00a0vengono cancellati).<\/li>\n<li><strong>Cookie di analisi e prestazioni<\/strong>. Sono cookie utilizzati per raccogliere e analizzare il traffico e l'utilizzo del sito in modo anonimo. Questi cookie, pur senza identificare l'utente, consentono, per esempio, di rilevare se il medesimo utente torna a collegarsi in momenti diversi. Permettono inoltre di monitorare il sistema e migliorarne le prestazioni e l'usabilit\u00e0.<\/li>\n<li><strong>Cookie di profilazione<\/strong>. Si tratta di cookie permanenti utilizzati per identificare (in modo anonimo e non) le preferenze dell'utente e migliorare la sua esperienza di navigazione.\u00a0<strong>Il sito di Bettoni 4.0 S.r.l. non utilizza cookie di questo tipo.<\/strong><\/li>\n<\/ul>\n<h3>GOOGLE ANALYTICS<\/h3>\n<p>Il sito di Bettoni 4.0 S.r.l. include anche talune componenti trasmesse da Google Analytics, un servizio di analisi del traffico web fornito da Google, Inc. (\u201cGoogle\u201d). Anche in questo caso si tratta di cookie di terze parti raccolti e gestiti in modo anonimo per monitorare e migliorare le prestazioni del sito ospite (performance cookie).<\/p>\n<p>Google Analytics utilizza i &#8220;cookie&#8221; \u00a0per raccogliere e analizzare in forma anonima le informazioni sui comportamenti di utilizzo del sito web di Bettoni 4.0 S.r.l. (compreso l'indirizzo IP dell'utente). Tali informazioni vengono raccolte da Google Analytics, che le elabora allo scopo di redigere report per gli operatori di Bettoni 4.0 S.r.l. riguardanti le attivit\u00e0 sui siti web stessi. Questo sito non utilizza (e non consente a terzi di utilizzare) lo strumento di analisi di Google per monitorare o per raccogliere informazioni personali di identificazione. Google non associa l'indirizzo IP a nessun altro dato posseduto da Google n\u00e9 cerca di collegare un indirizzo IP con l'identit\u00e0 di un utente. Google pu\u00f2 anche comunicare queste informazioni a terzi ove ci\u00f2 sia imposto dalla legge o laddove tali terzi trattino le suddette informazioni per conto di Google.<\/p>\n<p>Per ulteriori informazioni, si rinvia al link di seguito indicato:<\/p>\n<p><a href=\"https:\/\/www.google.it\/policies\/privacy\/partners\/\">https:\/\/www.google.it\/policies\/privacy\/partners\/<\/a><\/p>\n<p>L'utente pu\u00f2 disabilitare in modo selettivo l'azione di Google Analytics installando sul proprio\u00a0<em>browser<\/em>\u00a0la componente di\u00a0<em>opt-out<\/em>\u00a0fornito da Google. Per disabilitare l'azione di Google Analytics, si rinvia al link di seguito indicato:<\/p>\n<p><a href=\"https:\/\/tools.google.com\/dlpage\/gaoptout\">https:\/\/tools.google.com\/dlpage\/gaoptout<\/a><\/p>\n<h3>Durata dei cookie<\/h3>\n<p>Alcuni cookie (cookie di sessione) restano attivi solo fino alla chiusura del\u00a0<em>browser<\/em>\u00a0o all'esecuzione del comando di\u00a0<em>logout<\/em>. Altri cookie \u201csopravvivono\u201d alla chiusura del\u00a0<em>browser<\/em>\u00a0e sono disponibili anche in successive visite dell'utente.<\/p>\n<p>Questi cookie sono detti persistenti e la loro durata \u00e8 fissata dal server al momento della loro creazione. In alcuni casi \u00e8 fissata una scadenza, in altri casi la durata \u00e8 illimitata.<\/p>\n<h3>Gestione dei cookie<\/h3>\n<p>L'utente pu\u00f2 decidere se accettare o meno i cookie utilizzando le impostazioni del proprio\u00a0<em>browser<\/em>.<\/p>\n<p><strong>Attenzione<\/strong>: la disabilitazione totale o parziale dei cookie tecnici pu\u00f2 compromettere l'utilizzo delle funzionalit\u00e0 del sito riservate agli utenti registrati. Al contrario, la fruibilit\u00e0 dei contenuti pubblici \u00e8 possibile anche disabilitando completamente i cookie.<\/p>\n<p>La disabilitazione dei cookie \u201cterze parti\u201d non pregiudica in alcun modo la navigabilit\u00e0.<\/p>\n<p>L'impostazione pu\u00f2 essere definita in modo specifico per i diversi siti e applicazioni web. Inoltre i migliori\u00a0<em>browser<\/em>\u00a0consentono di definire impostazioni diverse per i cookie \u201cproprietari\u201d e per quelli di \u201cterze parti\u201d.<\/p>\n<p>A titolo di esempio, in Firefox, attraverso il menu\u00a0<em>Strumenti-&gt;Opzioni -&gt;Privacy<\/em>, \u00e8 possibile accedere ad un pannello di controllo dove \u00e8 possibile definire se accettare o meno i diversi tipi di cookie e procedere alla loro rimozione.<\/p>\n<p><a href=\"https:\/\/support.google.com\/chrome\/answer\/95647?hl=it\" target=\"_blank\" rel=\"noopener noreferrer\">Chrome<\/a><\/p>\n<p><a href=\"https:\/\/support.mozilla.org\/it\/kb\/Gestione%20dei%20cookie\" target=\"_blank\" rel=\"noopener noreferrer\">Firefox<\/a><\/p>\n<p><a href=\"http:\/\/windows.microsoft.com\/it-it\/windows7\/how-to-manage-cookies-in-internet-explorer-9\" target=\"_blank\" rel=\"noopener noreferrer\">Internet Explorer<\/a><\/p>\n<p><a href=\"http:\/\/help.opera.com\/Windows\/10.00\/it\/cookies.html\" target=\"_blank\" rel=\"noopener noreferrer\">Opera<\/a><\/p>\n<p><a href=\"http:\/\/support.apple.com\/kb\/HT1677?viewlocale=it_IT\" target=\"_blank\" rel=\"noopener noreferrer\">Safari<\/a><\/p>\n<h3>PRIVACY<\/h3>\n<p><strong>Informativa e richiesta di consenso al trattamento dei dati personali ai sensi dell\u2019art. 13 del D.Lgs. 196\/2003<br \/>\n<\/strong>In ottemperanza agli obblighi previsti dal Decreto Legislativo 30 giugno 2003 n. 196 in materia di trattamento dei dati personali (cd. Codice della Privacy) entrato in vigore il 1 gennaio 2004, con la presente intendiamo informarLa\/Vi che la societ\u00e0 Bettoni 4.0 S.r.l. con sede Azzone (BG), loc. forno Fusorio (di seguito la \u201cSociet\u00e0\u201d) sottoporr\u00e0 a trattamento i dati personali che riguardano Lei\/Voi e che ci sono stati o che ci verranno da Lei\/Voi o da altri comunicati. Il trattamento dei dati personali sar\u00e0 effettuato nel rispetto delle norme in vigore ed alle seguenti condizioni.<\/p>\n<p><strong>1. Finalit\u00e0 del trattamento<br \/>\n<\/strong>Il trattamento dei dati personali \u00e8 diretto esclusivamente al raggiungimento delle seguenti finalit\u00e0:<\/p>\n<ol>\n<li>per esigenza preliminari alla stipula dei contratti di vendita, per dare esecuzione agli stessi e per la tutela delle posizioni creditori e da essi derivanti;<\/li>\n<li>per adempiere a qualunque tipo di obbligo previsto da leggi o regolamenti vigenti, in particolare, in materia fiscale;<\/li>\n<li>per esigenze di tipo operativo, gestionale e contabile;<\/li>\n<li>per la registrazione degli accessi al sito web della Societ\u00e0 e l\u2019utilizzo dei servizi prestati con tale sito;<\/li>\n<li>per esigenze di monitoraggio dell\u2019andamento delle relazioni con i clienti e\/o dei rischi connessi e per migliorare tali relazioni;<\/li>\n<li>per finalit\u00e0 commerciali e di marketing strategico e operativo.<\/li>\n<\/ol>\n<p><strong>2. Modalit\u00e0 di trattamento<\/strong><\/p>\n<p>Il trattamento dei dati potr\u00e0 consistere, oltre che nella loro raccolta, nella loro registrazione, conservazione, modificazione, comunicazione, cancellazione, diffusione, ecc. e sar\u00e0 effettuato sia con l\u2019utilizzo di supporto cartaceo, sia con l\u2019ausilio di strumenti elettronici informatici e telematici, secondo modalit\u00e0 e con strumenti idonei a garantire la sicurezza e la riservatezza dei dati stessi, in conformit\u00e0 di quanto previsto dagli articoli 31 e seguenti del D. Lgs. 196\/2003, relativi alle \u201cmisure minime di sicurezza per il trattamento dei dati personali\u201d.<br \/>\nIn particolare, saranno adottate tutte le misure tecniche, informatiche, organizzative, logistiche e procedurali di sicurezza, come previste dal D.Lgs. 196\/2003 e \u201dAllegato B\u201d allo stesso decreto, in modo che sia garantito il livello minimo di protezione dei dati previsto dalla legge.<br \/>\nInoltre, le metodologie applicate garantiscono che l\u2019accesso ai dati sia consentito alle sole persone incaricate del trattamento da parte della nostra Societ\u00e0.<\/p>\n<p><strong>3. Conferimento dati<br \/>\n<\/strong>Il conferimento dei dati \u00e8:<\/p>\n<ol>\n<li>Obbligatorio per il raggiungimento delle finalit\u00e0 connesse agli obblighi previsti da leggi o da altre normative vincolanti;<\/li>\n<li>Necessario per la corretta instaurazione e prosecuzione del rapporto con Lei\/Voi instaurato.<\/li>\n<\/ol>\n<p>Un eventuale rifiuto di fornire i dati di cui sopra, seppur certo legittimo, potrebbe compromettere il regolare svolgimento del rapporto con la nostra Societ\u00e0 ed, in particolare, potrebbe comportare l\u2019impossibilit\u00e0 per noi di dare esecuzione ai Suoi \/ Vostri ordini, nonch\u00e9 di effettuare la prestazione dei servizi richiesti e la relativa fatturazione.<\/p>\n<p><strong>4. Comunicazione e diffusione dei dati<br \/>\n<\/strong>La comunicazione all\u2019esterno dei dati personali raccolti per le finalit\u00e0 di cui al punto 1 potr\u00e0 avvenire solo dove:<\/p>\n<ol>\n<li>tale comunicazione sia obbligatoria per assicurare l'ottemperanza degli adempimenti previsti dalla legge o da altre norme vincolanti;<\/li>\n<li>tale comunicazione sia obbligatoria per assicurare la corretta instaurazione o prosecuzione del rapporto d\u2019affari con Lei\/Voi intrattenuto.<\/li>\n<\/ol>\n<p>I dati personali raccolti per il raggiungimento delle finalit\u00e0 sopra indicate potranno essere comunicati, per quanto di loro specifica competenza, a soggetti pubblici e privati, persone fisiche e\/o giuridiche e aventi finalit\u00e0 commerciali e\/o di gestione dei sistemi informativi e\/o dei sistemi di pagamento, compresi soggetti esterni che svolgono specifici incarichi per conto della nostra Societ\u00e0.<br \/>\nIn particolare, i dati potranno essere comunicati alle seguenti categorie di soggetti: rete commerciale, istituti bancari e societ\u00e0 specializzate nella gestione dei pagamenti, studi legali e di consulenza, soggetti incaricati della revisione del bilancio della nostra societ\u00e0, pubbliche autorit\u00e0 o amministrazioni per gli adempienti di legge, fornitori italiani ed esteri, societ\u00e0 di finanziamento e di trasporto, terzi incaricati del controllo della qualit\u00e0 del flusso logistico-commerciale, nonch\u00e9 alle altre societ\u00e0 facenti parte del nostro Gruppo.<br \/>\nI dati potranno, altres\u00ec, essere diffusi, ma solo in forma aggregata, anonima e per finalit\u00e0 statistiche.<\/p>\n<p><strong>5. Trasferimento dei dati all\u2019estero<br \/>\n<\/strong>Nei limiti strettamente necessari all'esecuzione del rapporto contrattuale con Lei\/Voi in corso, i Suoi\/Vostri dati personali potranno essere comunicati a soggetti terzi (quali i fornitori) situati all\u2019estero, dentro o fuori l'Unione Europea.<\/p>\n<p><strong>6. Diritti dell\u2019interessato<br \/>\n<\/strong>Ai sensi dell\u2019articolo 7 e seguenti del D. Lgs. 196\/2003, Lei\/Voi ha\/avete diritto, tra l\u2019altro, di:<\/p>\n<ol>\n<li>ottenere conferma dell\u2019esistenza o meno di dati personali che La\/Vi riguardano e la loro comunicazione in forma intelligibile;<\/li>\n<li>ottenere, a cura del Titolare o del Responsabile del trattamento:<br \/>\ni) indicazioni sull\u2019origine dei dati personali, sulle finalit\u00e0 e sulle modalit\u00e0 del trattamento, sulla logica applicata in caso di trattamento effettuato con l\u2019ausilio di strumenti elettronici;<br \/>\nii) indicazione degli estremi identificativi del Titolare del trattamento e dei Responsabili, nonch\u00e9, eventualmente del rappresentante designato da un soggetto straniero al trattamento dei dati in Italia;<br \/>\niii) indicazioni circa i soggetti o le categorie di soggetti a cui i dati possono essere comunicati o che possono venire a conoscenza degli stessi in qualit\u00e0 di rappresentante designato sul territorio dello stato, di responsabili o incaricati.<\/li>\n<li>ottenere:<br \/>\ni) L\u2019aggiornamento, la rettificazione o l\u2019integrazione dati che Vi\/La riguardano;<br \/>\nii) La cancellazione, la trasformazione in forma anonima o il blocco dei dati trattati in violazione di legge, compresi quelli di cui non \u00e8 necessaria la conservazione in relazione agli scopi per i quali i dati sono stati raccolti o successivamente trattati;<br \/>\niii) L\u2019attestazione del fatto che le operazioni di cui ai punti (i) ed (ii) che precedono sono state portate a conoscenza, anche per quanto riguarda il loro contenuto, di coloro ai quali i dati sono stati comunicati o diffusi, salvo il caso in cui tale adempimento risulti impossibile o comporti l\u2019impiego di mezzi manifestamente sproporzionati rispetto al diritto tutelato.<\/li>\n<li>opporsi, in tutto o in parte:<br \/>\ni) per motivi legittimi, al trattamento dei dati che La\/Vi riguardano, ancorch\u00e9 pertinenti allo scopo della raccolta;<br \/>\nii) al trattamento dei dati personali che La\/Vi riguardano, previsto ai fini di informazione commerciale o di invio di materiale pubblicitario o di vendita diretta ovvero per il compimento di ricerche di mercato o di comunicazione commerciale.<\/li>\n<\/ol>\n<p>I diritti che precedono, possono essere esercitati sia direttamente, sia tramite un Suo\/Vostro incaricato, nelle forme previste degli artt. 8 e 9 del D.Lgs. 196\/2003.<\/p>\n<p><strong>7. Titolare e Responsabile<br \/>\n<\/strong>Le confermiamo, inoltre, che Titolare del trattamento \u00e8 la scrivente Societ\u00e0, in persona del legale rappresentante pro tempore, con sede in Azzone (BG), loc. forno Fusorio. L\u2019elenco completo e aggiornato dei responsabili \u00e8 reperibile presso la sede della societ\u00e0.<\/p>\n<p><strong>8. Consenso al trattamento<br \/>\n<\/strong>Vorremmo informarLa\/Vi, in ultimo, che la prestazione del consenso da parte Sua\/Vostra al trattamento dei dati personali con le modalit\u00e0 e per le finalit\u00e0 sopra illustrate \u00e8 facoltativa. In caso di un Suo\/Vostro diniego del consenso, la nostra Societ\u00e0 non potr\u00e0 trattare i Suoi\/Vostri dati personali, ma solo utilizzarli in ottemperanza degli obblighi previsti dalla legge o da altre regolamentazioni esistenti, con le possibili conseguenze descritte al punto 3 che precede.<\/p>\n<p>&nbsp;<\/p>","protected":false},"excerpt":{"rendered":"<p>Informativa sull'uso dei cookie Il sito web di\u00a0Bettoni 4.0 S.r.l. utilizza cookie e tecnologie simili per garantire il corretto funzionamento delle procedure e migliorare l'esperienza di uso delle applicazioni online. Il presente documento fornisce informazioni dettagliate sull'uso dei cookie e di tecnologie similari, su come sono utilizzati da\u00a0Bettoni 4.0 S.r.l. e su come gestirli. Definizioni [&hellip;]<\/p>\n","protected":false},"author":1,"featured_media":0,"parent":0,"menu_order":4,"comment_status":"closed","ping_status":"closed","template":"","meta":{"ngg_post_thumbnail":0},"_links":{"self":[{"href":"https:\/\/www.bettoni.me\/bs\/wp-json\/wp\/v2\/pages\/619"}],"collection":[{"href":"https:\/\/www.bettoni.me\/bs\/wp-json\/wp\/v2\/pages"}],"about":[{"href":"https:\/\/www.bettoni.me\/bs\/wp-json\/wp\/v2\/types\/page"}],"author":[{"embeddable":true,"href":"https:\/\/www.bettoni.me\/bs\/wp-json\/wp\/v2\/users\/1"}],"replies":[{"embeddable":true,"href":"https:\/\/www.bettoni.me\/bs\/wp-json\/wp\/v2\/comments?post=619"}],"version-history":[{"count":2,"href":"https:\/\/www.bettoni.me\/bs\/wp-json\/wp\/v2\/pages\/619\/revisions"}],"predecessor-version":[{"id":4453,"href":"https:\/\/www.bettoni.me\/bs\/wp-json\/wp\/v2\/pages\/619\/revisions\/4453"}],"wp:attachment":[{"href":"https:\/\/www.bettoni.me\/bs\/wp-json\/wp\/v2\/media?parent=619"}],"curies":[{"name":"wp","href":"https:\/\/api.w.org\/{rel}","templated":true}]}}